{"id":2829,"date":"2019-10-11T18:15:27","date_gmt":"2019-10-11T18:15:27","guid":{"rendered":"https:\/\/growithjane.com\/acerca\/"},"modified":"2025-07-01T20:05:26","modified_gmt":"2025-07-01T20:05:26","slug":"about-us","status":"publish","type":"page","link":"https:\/\/growithjane.com\/es\/about-us\/","title":{"rendered":"Sobre nosotros"},"content":{"rendered":"\n<figure class=\"wp-block-image size-large\"><img decoding=\"async\" src=\"https:\/\/i0.wp.com\/growithjane.com\/wp-content\/uploads\/2019\/11\/PlayStore_ReferenceImage-1024x500.png?resize=1024%2C500&#038;ssl=1\" alt=\"Grow with Jane\" class=\"wp-image-681\" data-recalc-dims=\"1\"\/><\/figure>\n\n\n\n<h2 class=\"wp-block-heading\" id=\"h-equipo-de-grow-with-jane\">Equipo de Grow with Jane<\/h2>\n\n\n\n<p><strong>Nicolas Botti &#8211; Director General<\/strong><\/p>\n\n\n\n<p>Nicol\u00e1s trabaj\u00f3 m\u00e1s de 7 a\u00f1os en el sector de los seguros y la banca como consultor externo de TI, Infraestructuras y Operaciones.<\/p>\n\n\n\n<p>El trabajo de Nicolas consiste en mantener la empresa en funcionamiento y dise\u00f1ar las estrategias necesarias para que la empresa siga haciendo negocios en el futuro. Sus responsabilidades incluyen la recaudaci\u00f3n de fondos, la proforma y la gesti\u00f3n del equipo, as\u00ed como ser el primer punto de contacto para Grow with Jane, ya sea entrando o saliendo de la empresa. Trabaja codo con codo con el Director de Producto para asegurarse de que todos comprenden los objetivos empresariales y act\u00faan para alcanzarlos.  <\/p>\n\n\n\n<p><strong>Gast\u00f3n Lozano &#8211; Director de Producto\/CPO<\/strong><\/p>\n\n\n\n<p>Gast\u00f3n es desarrollador de software full-stack con especialidad en E-Commerce. Ha coordinado numerosos equipos y proyectos tanto a nivel local como internacional. Es especialista en SCRUM y otras metodolog\u00edas de trabajo.  <\/p>\n\n\n\n<p>El trabajo de Gast\u00f3n consiste en identificar el problema que tratamos de resolver, el problema de qui\u00e9n tratamos de resolver, y dise\u00f1ar los detalles necesarios para responder y resolver ese problema. Se asegura de que todo el mundo dentro de la empresa tenga una comprensi\u00f3n clara de la soluci\u00f3n que se est\u00e1 implementando y de que conozcan sus tareas y todo lo que necesitan para cumplirlas. <\/p>\n\n\n\n<p><strong>Roque Terrani &#8211; Director T\u00e9cnico<\/strong><\/p>\n\n\n\n<p>Roque es un desarrollador de software full-stack especializado en comercio electr\u00f3nico con m\u00e1s de 15 a\u00f1os de experiencia.<\/p>\n\n\n\n<p>El trabajo de Roque consiste en evaluar las necesidades y los esfuerzos necesarios para dar vida a las especificaciones desarrolladas por el Director de Producto y presentarle una soluci\u00f3n, mostr\u00e1ndole los posibles problemas y ventajas del enfoque. Tambi\u00e9n experimentar, desarrollar el producto, entreg\u00e1rselo al Director de Producto e iterar una y otra vez con sus nuevas especificaciones. <\/p>\n\n\n\n<p><strong>Daniel Kim &#8211; Director de Dise\u00f1o UX\/CMO<\/strong><\/p>\n\n\n\n<p>Daniel es director de cine, especialista en experiencia de usuario y dise\u00f1ador. Dise\u00f1ador y desarrollador senior de Pipeline. <\/p>\n\n\n\n<p>El trabajo de Daniel consiste en comprender las necesidades del Director de Producto para el producto, combinarlas con las propuestas del Director T\u00e9cnico, y hacer que sea f\u00e1cil de usar, bonito a la vista y asegurarse de que mantiene una l\u00ednea cohesiva en todo nuestro contenido, al tiempo que proporciona una experiencia de usuario limpia. Asegurarse de que el producto es f\u00e1cil de usar requiere experimentaci\u00f3n, interpretaci\u00f3n de los comentarios y m\u00e1s experimentaci\u00f3n. Tambi\u00e9n se encarga de dise\u00f1ar todas las pruebas y experimentos A\/B.  <\/p>\n\n\n\n<p><strong>Alicia Muzio &#8211; Gestora de Contenidos &#8211; Gestora de Apoyo al Cultivador<\/strong><\/p>\n\n\n\n<p>Alicia es una experimentada cultivadora de Cannabis con 17 a\u00f1os de experiencia en cultivos de interior y exterior. Es traductora jurada ingl\u00e9s-espa\u00f1ol y tambi\u00e9n ha estudiado el Curso T\u00e9cnico en Floricultura y el T.C. en Producci\u00f3n Vegetal Org\u00e1nica en la Universidad de Buenos Aires (U.B.A.). Alicia obtuvo las mejores calificaciones en el curso \u00abCiencia y Tecnolog\u00eda del Cultivo de Cannabis Medicinal\u00bb en la Universidad Estatal de Utah, impartido por el Dr. Bruce Bugbee y su equipo.    <\/p>\n\n\n\n<p>Alicia trabaja como Gestora de Contenidos en Grow with Jane, donde se especializa en escribir art\u00edculos informativos para blogs sobre el cultivo de cannabis en casa. Es responsable del contenido de la aplicaci\u00f3n y el sitio web de GWJ y de la estrategia SEO. Adem\u00e1s, Alicia trabaja como asesora de cultivo de cannabis en GWJ Grower Support, donde ayuda a cultivadores de todo el mundo proporcion\u00e1ndoles orientaci\u00f3n personalizada a trav\u00e9s de la aplicaci\u00f3n Grow with Jane grow journal.  <\/p>\n\n\n\n<p><strong>Eliana Uran &#8211; Responsable de la Comunidad<\/strong><\/p>\n\n\n\n<p>Eliana es cultivadora, trabajadora social y profesora en diversos campos relacionados con el cannabis. Hace unos a\u00f1os, decidi\u00f3 entrar en el espacio virtual para desarrollar su profesi\u00f3n, identific\u00e1ndolo como otro campo v\u00e1lido de intervenci\u00f3n profesional. Desde entonces, trabaja para ayudar a construir comunidades en torno a los beneficios de la planta de cannabis. Su misi\u00f3n es acompa\u00f1ar a los usuarios de la aplicaci\u00f3n Grow with Jane en los foros y ofrecerles un espacio seguro y amigable, apoyo y crecimiento colectivo. En este sentido, se encarga de seleccionar a los moderadores, crear eventos y supervisar las normas de la comunidad.    <\/p>\n\n\n\n<h2 class=\"wp-block-heading\" id=\"h-la-vision-de-grow-with-jane\">La visi\u00f3n de Grow with Jane<\/h2>\n\n\n\n<p><strong>Grow with Jane<\/strong> es la mejor plataforma para cultivadores caseros de cannabis, por cultivadores caseros. Un lugar de encuentro e intercambio de informaci\u00f3n para cultivadores con distintos niveles de experiencia, negocios de productos cann\u00e1bicos, bancos de semillas y otros actores de la comunidad cann\u00e1bica. <\/p>\n\n\n\n<p>Nuestro principal objetivo es ayudar a la gente a cultivar Cannabis con \u00e9xito proporcionando herramientas digitales y conectando a cultivadores de todo el mundo con una comunidad de cultivo de Cannabis.<\/p>\n","protected":false},"excerpt":{"rendered":"<p>El cannabis es una parte importante de la historia de la humanidad y cada comunidad deber\u00eda cultivar el suyo.<\/p>\n","protected":false},"author":6,"featured_media":0,"parent":0,"menu_order":0,"comment_status":"closed","ping_status":"closed","template":"","meta":{"_uag_custom_page_level_css":"","footnotes":""},"class_list":["post-2829","page","type-page","status-publish"],"yoast_head":"<!-- This site is optimized with the Yoast SEO Premium plugin v26.1 (Yoast SEO v26.1.1) - https:\/\/yoast.com\/wordpress\/plugins\/seo\/ -->\n<title>Grow with Jane | Acerca de nosotros<\/title>\n<meta name=\"description\" content=\"Ayudar a la gente a cultivar Cannabis con \u00e9xito proporcionando herramientas digitales y conectando a cultivadores de todo el mundo con una comunidad de cultivo de Cannabis.\" \/>\n<meta name=\"robots\" content=\"index, follow, max-snippet:-1, max-image-preview:large, max-video-preview:-1\" \/>\n<link rel=\"canonical\" href=\"https:\/\/growithjane.com\/es\/acerca\/\" \/>\n<meta property=\"og:locale\" content=\"es_ES\" \/>\n<meta property=\"og:type\" content=\"article\" \/>\n<meta property=\"og:title\" content=\"Sobre nosotros\" \/>\n<meta property=\"og:description\" content=\"Ayudar a la gente a cultivar Cannabis con \u00e9xito proporcionando herramientas digitales y conectando a cultivadores de todo el mundo con una comunidad de cultivo de Cannabis.\" \/>\n<meta property=\"og:url\" content=\"https:\/\/growithjane.com\/es\/acerca\/\" \/>\n<meta property=\"og:site_name\" content=\"Grow with Jane\" \/>\n<meta property=\"article:publisher\" content=\"https:\/\/www.facebook.com\/Growithjane\/\" \/>\n<meta property=\"article:modified_time\" content=\"2025-07-01T20:05:26+00:00\" \/>\n<meta property=\"og:image\" content=\"https:\/\/growithjane.com\/wp-content\/uploads\/2019\/11\/PlayStore_ReferenceImage-1024x500.png\" \/>\n<meta name=\"twitter:card\" content=\"summary_large_image\" \/>\n<meta name=\"twitter:site\" content=\"@growithjane\" \/>\n<meta name=\"twitter:label1\" content=\"Tiempo de lectura\" \/>\n\t<meta name=\"twitter:data1\" content=\"4 minutos\" \/>\n<script type=\"application\/ld+json\" class=\"yoast-schema-graph\">{\"@context\":\"https:\/\/schema.org\",\"@graph\":[{\"@type\":\"WebPage\",\"@id\":\"https:\/\/growithjane.com\/es\/about-us\/\",\"url\":\"https:\/\/growithjane.com\/es\/acerca\/\",\"name\":\"Grow with Jane | Acerca de nosotros\",\"isPartOf\":{\"@id\":\"https:\/\/growithjane.com\/es\/#website\"},\"primaryImageOfPage\":{\"@id\":\"https:\/\/growithjane.com\/es\/acerca\/#primaryimage\"},\"image\":{\"@id\":\"https:\/\/growithjane.com\/es\/acerca\/#primaryimage\"},\"thumbnailUrl\":\"https:\/\/growithjane.com\/wp-content\/uploads\/2019\/11\/PlayStore_ReferenceImage-1024x500.png\",\"datePublished\":\"2019-10-11T18:15:27+00:00\",\"dateModified\":\"2025-07-01T20:05:26+00:00\",\"description\":\"Ayudar a la gente a cultivar Cannabis con \u00e9xito proporcionando herramientas digitales y conectando a cultivadores de todo el mundo con una comunidad de cultivo de Cannabis.\",\"breadcrumb\":{\"@id\":\"https:\/\/growithjane.com\/es\/acerca\/#breadcrumb\"},\"inLanguage\":\"es\",\"potentialAction\":[{\"@type\":\"ReadAction\",\"target\":[\"https:\/\/growithjane.com\/es\/acerca\/\"]}]},{\"@type\":\"ImageObject\",\"inLanguage\":\"es\",\"@id\":\"https:\/\/growithjane.com\/es\/acerca\/#primaryimage\",\"url\":\"https:\/\/growithjane.com\/wp-content\/uploads\/2019\/11\/PlayStore_ReferenceImage-1024x500.png\",\"contentUrl\":\"https:\/\/growithjane.com\/wp-content\/uploads\/2019\/11\/PlayStore_ReferenceImage-1024x500.png\"},{\"@type\":\"BreadcrumbList\",\"@id\":\"https:\/\/growithjane.com\/es\/acerca\/#breadcrumb\",\"itemListElement\":[{\"@type\":\"ListItem\",\"position\":1,\"name\":\"Grow with Jane\",\"item\":\"https:\/\/growithjane.com\/es\/\"},{\"@type\":\"ListItem\",\"position\":2,\"name\":\"Sobre nosotros\"}]},{\"@type\":\"WebSite\",\"@id\":\"https:\/\/growithjane.com\/es\/#website\",\"url\":\"https:\/\/growithjane.com\/es\/\",\"name\":\"Grow with Jane\",\"description\":\"Your cannabis growing experience\",\"publisher\":{\"@id\":\"https:\/\/growithjane.com\/es\/#organization\"},\"potentialAction\":[{\"@type\":\"SearchAction\",\"target\":{\"@type\":\"EntryPoint\",\"urlTemplate\":\"https:\/\/growithjane.com\/es\/?s={search_term_string}\"},\"query-input\":{\"@type\":\"PropertyValueSpecification\",\"valueRequired\":true,\"valueName\":\"search_term_string\"}}],\"inLanguage\":\"es\"},{\"@type\":\"Organization\",\"@id\":\"https:\/\/growithjane.com\/es\/#organization\",\"name\":\"Grow with Jane\",\"url\":\"https:\/\/growithjane.com\/es\/\",\"logo\":{\"@type\":\"ImageObject\",\"inLanguage\":\"es\",\"@id\":\"https:\/\/growithjane.com\/es\/#\/schema\/logo\/image\/\",\"url\":\"https:\/\/i0.wp.com\/growithjane.com\/wp-content\/uploads\/2019\/10\/GWJ-LOGO-VERTICAL-300px.png?fit=301%2C350&ssl=1\",\"contentUrl\":\"https:\/\/i0.wp.com\/growithjane.com\/wp-content\/uploads\/2019\/10\/GWJ-LOGO-VERTICAL-300px.png?fit=301%2C350&ssl=1\",\"width\":301,\"height\":350,\"caption\":\"Grow with Jane\"},\"image\":{\"@id\":\"https:\/\/growithjane.com\/es\/#\/schema\/logo\/image\/\"},\"sameAs\":[\"https:\/\/www.facebook.com\/Growithjane\/\",\"https:\/\/x.com\/growithjane\",\"https:\/\/www.instagram.com\/growithjane\",\"https:\/\/www.linkedin.com\/company\/growithjane\/\"]}]}<\/script>\n<!-- \/ Yoast SEO Premium plugin. -->","yoast_head_json":{"title":"Grow with Jane | Acerca de nosotros","description":"Ayudar a la gente a cultivar Cannabis con \u00e9xito proporcionando herramientas digitales y conectando a cultivadores de todo el mundo con una comunidad de cultivo de Cannabis.","robots":{"index":"index","follow":"follow","max-snippet":"max-snippet:-1","max-image-preview":"max-image-preview:large","max-video-preview":"max-video-preview:-1"},"canonical":"https:\/\/growithjane.com\/es\/acerca\/","og_locale":"es_ES","og_type":"article","og_title":"Sobre nosotros","og_description":"Ayudar a la gente a cultivar Cannabis con \u00e9xito proporcionando herramientas digitales y conectando a cultivadores de todo el mundo con una comunidad de cultivo de Cannabis.","og_url":"https:\/\/growithjane.com\/es\/acerca\/","og_site_name":"Grow with Jane","article_publisher":"https:\/\/www.facebook.com\/Growithjane\/","article_modified_time":"2025-07-01T20:05:26+00:00","og_image":[{"url":"https:\/\/growithjane.com\/wp-content\/uploads\/2019\/11\/PlayStore_ReferenceImage-1024x500.png","type":"","width":"","height":""}],"twitter_card":"summary_large_image","twitter_site":"@growithjane","twitter_misc":{"Tiempo de lectura":"4 minutos"},"schema":{"@context":"https:\/\/schema.org","@graph":[{"@type":"WebPage","@id":"https:\/\/growithjane.com\/es\/about-us\/","url":"https:\/\/growithjane.com\/es\/acerca\/","name":"Grow with Jane | Acerca de nosotros","isPartOf":{"@id":"https:\/\/growithjane.com\/es\/#website"},"primaryImageOfPage":{"@id":"https:\/\/growithjane.com\/es\/acerca\/#primaryimage"},"image":{"@id":"https:\/\/growithjane.com\/es\/acerca\/#primaryimage"},"thumbnailUrl":"https:\/\/growithjane.com\/wp-content\/uploads\/2019\/11\/PlayStore_ReferenceImage-1024x500.png","datePublished":"2019-10-11T18:15:27+00:00","dateModified":"2025-07-01T20:05:26+00:00","description":"Ayudar a la gente a cultivar Cannabis con \u00e9xito proporcionando herramientas digitales y conectando a cultivadores de todo el mundo con una comunidad de cultivo de Cannabis.","breadcrumb":{"@id":"https:\/\/growithjane.com\/es\/acerca\/#breadcrumb"},"inLanguage":"es","potentialAction":[{"@type":"ReadAction","target":["https:\/\/growithjane.com\/es\/acerca\/"]}]},{"@type":"ImageObject","inLanguage":"es","@id":"https:\/\/growithjane.com\/es\/acerca\/#primaryimage","url":"https:\/\/growithjane.com\/wp-content\/uploads\/2019\/11\/PlayStore_ReferenceImage-1024x500.png","contentUrl":"https:\/\/growithjane.com\/wp-content\/uploads\/2019\/11\/PlayStore_ReferenceImage-1024x500.png"},{"@type":"BreadcrumbList","@id":"https:\/\/growithjane.com\/es\/acerca\/#breadcrumb","itemListElement":[{"@type":"ListItem","position":1,"name":"Grow with Jane","item":"https:\/\/growithjane.com\/es\/"},{"@type":"ListItem","position":2,"name":"Sobre nosotros"}]},{"@type":"WebSite","@id":"https:\/\/growithjane.com\/es\/#website","url":"https:\/\/growithjane.com\/es\/","name":"Grow with Jane","description":"Your cannabis growing experience","publisher":{"@id":"https:\/\/growithjane.com\/es\/#organization"},"potentialAction":[{"@type":"SearchAction","target":{"@type":"EntryPoint","urlTemplate":"https:\/\/growithjane.com\/es\/?s={search_term_string}"},"query-input":{"@type":"PropertyValueSpecification","valueRequired":true,"valueName":"search_term_string"}}],"inLanguage":"es"},{"@type":"Organization","@id":"https:\/\/growithjane.com\/es\/#organization","name":"Grow with Jane","url":"https:\/\/growithjane.com\/es\/","logo":{"@type":"ImageObject","inLanguage":"es","@id":"https:\/\/growithjane.com\/es\/#\/schema\/logo\/image\/","url":"https:\/\/i0.wp.com\/growithjane.com\/wp-content\/uploads\/2019\/10\/GWJ-LOGO-VERTICAL-300px.png?fit=301%2C350&ssl=1","contentUrl":"https:\/\/i0.wp.com\/growithjane.com\/wp-content\/uploads\/2019\/10\/GWJ-LOGO-VERTICAL-300px.png?fit=301%2C350&ssl=1","width":301,"height":350,"caption":"Grow with Jane"},"image":{"@id":"https:\/\/growithjane.com\/es\/#\/schema\/logo\/image\/"},"sameAs":["https:\/\/www.facebook.com\/Growithjane\/","https:\/\/x.com\/growithjane","https:\/\/www.instagram.com\/growithjane","https:\/\/www.linkedin.com\/company\/growithjane\/"]}]}},"jetpack_sharing_enabled":true,"uagb_featured_image_src":{"full":false,"thumbnail":false,"medium":false,"medium_large":false,"large":false,"1536x1536":false,"2048x2048":false,"ultp_layout_landscape_large":false,"ultp_layout_landscape":false,"ultp_layout_portrait":false,"ultp_layout_square":false},"uagb_author_info":{"display_name":"Grow with Jane","author_link":"https:\/\/growithjane.com\/es\/author\/growithjane_publisher\/"},"uagb_comment_info":0,"uagb_excerpt":"El cannabis es una parte importante de la historia de la humanidad y cada comunidad deber\u00eda cultivar el suyo.","_links":{"self":[{"href":"https:\/\/growithjane.com\/es\/wp-json\/wp\/v2\/pages\/2829","targetHints":{"allow":["GET"]}}],"collection":[{"href":"https:\/\/growithjane.com\/es\/wp-json\/wp\/v2\/pages"}],"about":[{"href":"https:\/\/growithjane.com\/es\/wp-json\/wp\/v2\/types\/page"}],"author":[{"embeddable":true,"href":"https:\/\/growithjane.com\/es\/wp-json\/wp\/v2\/users\/6"}],"replies":[{"embeddable":true,"href":"https:\/\/growithjane.com\/es\/wp-json\/wp\/v2\/comments?post=2829"}],"version-history":[{"count":3,"href":"https:\/\/growithjane.com\/es\/wp-json\/wp\/v2\/pages\/2829\/revisions"}],"predecessor-version":[{"id":58593,"href":"https:\/\/growithjane.com\/es\/wp-json\/wp\/v2\/pages\/2829\/revisions\/58593"}],"wp:attachment":[{"href":"https:\/\/growithjane.com\/es\/wp-json\/wp\/v2\/media?parent=2829"}],"curies":[{"name":"wp","href":"https:\/\/api.w.org\/{rel}","templated":true}]}}